{"id":3032,"date":"2026-03-09T09:27:30","date_gmt":"2026-03-09T12:27:30","guid":{"rendered":"https:\/\/unicargo.com.br\/mkt\/?page_id=3032"},"modified":"2026-03-09T10:12:55","modified_gmt":"2026-03-09T13:12:55","slug":"contato","status":"publish","type":"page","link":"https:\/\/unicargo.com.br\/mkt\/contato\/","title":{"rendered":"Contato"},"content":{"rendered":"\t\t<div data-elementor-type=\"wp-page\" data-elementor-id=\"3032\" class=\"elementor elementor-3032\" data-elementor-post-type=\"page\">\n\t\t\t\t<div class=\"elementor-element elementor-element-579910a e-flex e-con-boxed e-con e-parent\" data-id=\"579910a\" data-element_type=\"container\" data-e-type=\"container\" data-settings=\"{&quot;background_background&quot;:&quot;classic&quot;}\">\n\t\t\t\t\t<div class=\"e-con-inner\">\n\t\t<div class=\"elementor-element elementor-element-d3f533e e-con-full e-flex e-con e-child\" data-id=\"d3f533e\" data-element_type=\"container\" data-e-type=\"container\" data-settings=\"{&quot;_ha_eqh_enable&quot;:false}\">\n\t\t\t\t<div class=\"elementor-element elementor-element-2cfb6ee elementor-position-left elementor-position-left elementor-vertical-align-top elementor-widget-mobile__width-inherit elementor-vertical-align-top elementor-widget elementor-widget-image-box\" data-id=\"2cfb6ee\" data-element_type=\"widget\" data-e-type=\"widget\" data-widget_type=\"image-box.default\">\n\t\t\t\t<div class=\"elementor-widget-container\">\n\t\t\t\t\t<div class=\"elementor-image-box-wrapper\"><figure class=\"elementor-image-box-img\"><img fetchpriority=\"high\" decoding=\"async\" width=\"289\" height=\"289\" src=\"https:\/\/unicargo.com.br\/mkt\/wp-content\/uploads\/2026\/02\/Prancheta-119.png\" class=\"attachment-full size-full wp-image-2737\" alt=\"\" srcset=\"https:\/\/unicargo.com.br\/mkt\/wp-content\/uploads\/2026\/02\/Prancheta-119.png 289w, https:\/\/unicargo.com.br\/mkt\/wp-content\/uploads\/2026\/02\/Prancheta-119-150x150.png 150w, https:\/\/unicargo.com.br\/mkt\/wp-content\/uploads\/2026\/02\/Prancheta-119-12x12.png 12w\" sizes=\"(max-width: 289px) 100vw, 289px\" \/><\/figure><div class=\"elementor-image-box-content\"><h3 class=\"elementor-image-box-title\">Fale <b>Conosco<\/b><\/h3><\/div><\/div>\t\t\t\t<\/div>\n\t\t\t\t<\/div>\n\t\t\t\t<div class=\"elementor-element elementor-element-50b1db9 elementor-widget elementor-widget-text-editor\" data-id=\"50b1db9\" data-element_type=\"widget\" data-e-type=\"widget\" data-widget_type=\"text-editor.default\">\n\t\t\t\t<div class=\"elementor-widget-container\">\n\t\t\t\t\t\t\t\t\t<p>Tire suas d\u00favidas com quem domina a log\u00edstica de ponta a ponta no Brasil.<\/p>\t\t\t\t\t\t\t\t<\/div>\n\t\t\t\t<\/div>\n\t\t<div class=\"elementor-element elementor-element-66b1a87 e-con-full e-flex e-con e-child\" data-id=\"66b1a87\" data-element_type=\"container\" data-e-type=\"container\" data-settings=\"{&quot;background_background&quot;:&quot;classic&quot;,&quot;_ha_eqh_enable&quot;:false}\">\n\t\t\t\t<div class=\"elementor-element elementor-element-4029af6 elementor-widget elementor-widget-heading\" data-id=\"4029af6\" data-element_type=\"widget\" data-e-type=\"widget\" data-widget_type=\"heading.default\">\n\t\t\t\t<div class=\"elementor-widget-container\">\n\t\t\t\t\t<h2 class=\"elementor-heading-title elementor-size-default\">Fale com nosso time.<\/h2>\t\t\t\t<\/div>\n\t\t\t\t<\/div>\n\t\t\t\t<div class=\"elementor-element elementor-element-42af326 elementor-widget elementor-widget-text-editor\" data-id=\"42af326\" data-element_type=\"widget\" data-e-type=\"widget\" data-widget_type=\"text-editor.default\">\n\t\t\t\t<div class=\"elementor-widget-container\">\n\t\t\t\t\t\t\t\t\t<script data-b24-form=\"inline\/102\/fr2kct\" data-skip-moving=\"true\">(function(w,d,u){var s=d.createElement('script');s.async=true;s.src=u+'?'+(Date.now()\/180000|0);var h=d.getElementsByTagName('script')[0];h.parentNode.insertBefore(s,h);})(window,document,'https:\/\/cdn.bitrix24.com.br\/b29871131\/crm\/form\/loader_102.js');<\/script>\t\t\t\t\t\t\t\t<\/div>\n\t\t\t\t<\/div>\n\t\t\t\t<\/div>\n\t\t\t\t<\/div>\n\t\t<div class=\"elementor-element elementor-element-f8792aa e-con-full elementor-hidden-tablet elementor-hidden-mobile e-flex e-con e-child\" data-id=\"f8792aa\" data-element_type=\"container\" data-e-type=\"container\" data-settings=\"{&quot;background_background&quot;:&quot;classic&quot;,&quot;_ha_eqh_enable&quot;:false}\">\n\t\t\t\t<div class=\"elementor-element elementor-element-968adec elementor-widget elementor-widget-image\" data-id=\"968adec\" data-element_type=\"widget\" data-e-type=\"widget\" data-widget_type=\"image.default\">\n\t\t\t\t<div class=\"elementor-widget-container\">\n\t\t\t\t\t\t\t\t\t\t\t\t\t\t\t<img decoding=\"async\" width=\"800\" height=\"534\" src=\"https:\/\/unicargo.com.br\/mkt\/wp-content\/uploads\/2025\/12\/Camada-37-1024x684.png\" class=\"attachment-large size-large wp-image-2624\" alt=\"\" srcset=\"https:\/\/unicargo.com.br\/mkt\/wp-content\/uploads\/2025\/12\/Camada-37-1024x684.png 1024w, https:\/\/unicargo.com.br\/mkt\/wp-content\/uploads\/2025\/12\/Camada-37-300x200.png 300w, https:\/\/unicargo.com.br\/mkt\/wp-content\/uploads\/2025\/12\/Camada-37-768x513.png 768w, https:\/\/unicargo.com.br\/mkt\/wp-content\/uploads\/2025\/12\/Camada-37-18x12.png 18w, https:\/\/unicargo.com.br\/mkt\/wp-content\/uploads\/2025\/12\/Camada-37.png 1224w\" sizes=\"(max-width: 800px) 100vw, 800px\" \/>\t\t\t\t\t\t\t\t\t\t\t\t\t\t\t<\/div>\n\t\t\t\t<\/div>\n\t\t\t\t<\/div>\n\t\t\t\t\t<\/div>\n\t\t\t\t<\/div>\n\t\t\t\t<\/div>\n\t\t","protected":false},"excerpt":{"rendered":"<p>Fale Conosco Tire suas d\u00favidas com quem domina a log\u00edstica de ponta a ponta no Brasil. Fale com nosso time.<\/p>\n","protected":false},"author":1,"featured_media":1208,"parent":0,"menu_order":0,"comment_status":"closed","ping_status":"closed","template":"","meta":{"footnotes":""},"class_list":["post-3032","page","type-page","status-publish","has-post-thumbnail","hentry"],"yoast_head":"<!-- This site is optimized with the Yoast SEO plugin v26.0 - https:\/\/yoast.com\/wordpress\/plugins\/seo\/ -->\n<title>Contato - Unicargo<\/title>\n<meta name=\"description\" content=\"A Unicargo estar\u00e1 na Intermodal 2025 preparamos um EBOOK EXCLUSIVO com dicas essenciais, ferramentas pr\u00e1ticas, mapa do evento, Informa\u00e7\u00f5es sobre acesso, estacionamento e muito mais.\" \/>\n<meta name=\"robots\" content=\"index, follow, max-snippet:-1, max-image-preview:large, max-video-preview:-1\" \/>\n<link rel=\"canonical\" href=\"https:\/\/unicargo.com.br\/mkt\/contato\/\" \/>\n<meta property=\"og:locale\" content=\"pt_BR\" \/>\n<meta property=\"og:type\" content=\"article\" \/>\n<meta property=\"og:title\" content=\"Contato - Unicargo\" \/>\n<meta property=\"og:description\" content=\"A Unicargo estar\u00e1 na Intermodal 2025 preparamos um EBOOK EXCLUSIVO com dicas essenciais, ferramentas pr\u00e1ticas, mapa do evento, Informa\u00e7\u00f5es sobre acesso, estacionamento e muito mais.\" \/>\n<meta property=\"og:url\" content=\"https:\/\/unicargo.com.br\/mkt\/contato\/\" \/>\n<meta property=\"og:site_name\" content=\"Unicargo\" \/>\n<meta property=\"article:modified_time\" content=\"2026-03-09T13:12:55+00:00\" \/>\n<meta property=\"og:image\" content=\"https:\/\/unicargo.com.br\/mkt\/wp-content\/uploads\/2025\/03\/Prancheta-46.png\" \/>\n\t<meta property=\"og:image:width\" content=\"747\" \/>\n\t<meta property=\"og:image:height\" content=\"925\" \/>\n\t<meta property=\"og:image:type\" content=\"image\/png\" \/>\n<meta name=\"twitter:card\" content=\"summary_large_image\" \/>\n<meta name=\"twitter:label1\" content=\"Est. tempo de leitura\" \/>\n\t<meta name=\"twitter:data1\" content=\"1 minuto\" \/>\n<script type=\"application\/ld+json\" class=\"yoast-schema-graph\">{\"@context\":\"https:\/\/schema.org\",\"@graph\":[{\"@type\":\"WebPage\",\"@id\":\"https:\/\/unicargo.com.br\/mkt\/contato\/\",\"url\":\"https:\/\/unicargo.com.br\/mkt\/contato\/\",\"name\":\"Contato - Unicargo\",\"isPartOf\":{\"@id\":\"https:\/\/unicargo.com.br\/mkt\/#website\"},\"primaryImageOfPage\":{\"@id\":\"https:\/\/unicargo.com.br\/mkt\/contato\/#primaryimage\"},\"image\":{\"@id\":\"https:\/\/unicargo.com.br\/mkt\/contato\/#primaryimage\"},\"thumbnailUrl\":\"https:\/\/unicargo.com.br\/mkt\/wp-content\/uploads\/2025\/03\/Prancheta-46.png\",\"datePublished\":\"2026-03-09T12:27:30+00:00\",\"dateModified\":\"2026-03-09T13:12:55+00:00\",\"description\":\"A Unicargo estar\u00e1 na Intermodal 2025 preparamos um EBOOK EXCLUSIVO com dicas essenciais, ferramentas pr\u00e1ticas, mapa do evento, Informa\u00e7\u00f5es sobre acesso, estacionamento e muito mais.\",\"breadcrumb\":{\"@id\":\"https:\/\/unicargo.com.br\/mkt\/contato\/#breadcrumb\"},\"inLanguage\":\"pt-BR\",\"potentialAction\":[{\"@type\":\"ReadAction\",\"target\":[\"https:\/\/unicargo.com.br\/mkt\/contato\/\"]}]},{\"@type\":\"ImageObject\",\"inLanguage\":\"pt-BR\",\"@id\":\"https:\/\/unicargo.com.br\/mkt\/contato\/#primaryimage\",\"url\":\"https:\/\/unicargo.com.br\/mkt\/wp-content\/uploads\/2025\/03\/Prancheta-46.png\",\"contentUrl\":\"https:\/\/unicargo.com.br\/mkt\/wp-content\/uploads\/2025\/03\/Prancheta-46.png\",\"width\":747,\"height\":925},{\"@type\":\"BreadcrumbList\",\"@id\":\"https:\/\/unicargo.com.br\/mkt\/contato\/#breadcrumb\",\"itemListElement\":[{\"@type\":\"ListItem\",\"position\":1,\"name\":\"In\u00edcio\",\"item\":\"https:\/\/unicargo.com.br\/mkt\/\"},{\"@type\":\"ListItem\",\"position\":2,\"name\":\"Contato\"}]},{\"@type\":\"WebSite\",\"@id\":\"https:\/\/unicargo.com.br\/mkt\/#website\",\"url\":\"https:\/\/unicargo.com.br\/mkt\/\",\"name\":\"Unicargo\",\"description\":\"\",\"potentialAction\":[{\"@type\":\"SearchAction\",\"target\":{\"@type\":\"EntryPoint\",\"urlTemplate\":\"https:\/\/unicargo.com.br\/mkt\/?s={search_term_string}\"},\"query-input\":{\"@type\":\"PropertyValueSpecification\",\"valueRequired\":true,\"valueName\":\"search_term_string\"}}],\"inLanguage\":\"pt-BR\"}]}<\/script>\n<!-- \/ Yoast SEO plugin. -->","yoast_head_json":{"title":"Contato - Unicargo","description":"A Unicargo estar\u00e1 na Intermodal 2025 preparamos um EBOOK EXCLUSIVO com dicas essenciais, ferramentas pr\u00e1ticas, mapa do evento, Informa\u00e7\u00f5es sobre acesso, estacionamento e muito mais.","robots":{"index":"index","follow":"follow","max-snippet":"max-snippet:-1","max-image-preview":"max-image-preview:large","max-video-preview":"max-video-preview:-1"},"canonical":"https:\/\/unicargo.com.br\/mkt\/contato\/","og_locale":"pt_BR","og_type":"article","og_title":"Contato - Unicargo","og_description":"A Unicargo estar\u00e1 na Intermodal 2025 preparamos um EBOOK EXCLUSIVO com dicas essenciais, ferramentas pr\u00e1ticas, mapa do evento, Informa\u00e7\u00f5es sobre acesso, estacionamento e muito mais.","og_url":"https:\/\/unicargo.com.br\/mkt\/contato\/","og_site_name":"Unicargo","article_modified_time":"2026-03-09T13:12:55+00:00","og_image":[{"width":747,"height":925,"url":"https:\/\/unicargo.com.br\/mkt\/wp-content\/uploads\/2025\/03\/Prancheta-46.png","type":"image\/png"}],"twitter_card":"summary_large_image","twitter_misc":{"Est. tempo de leitura":"1 minuto"},"schema":{"@context":"https:\/\/schema.org","@graph":[{"@type":"WebPage","@id":"https:\/\/unicargo.com.br\/mkt\/contato\/","url":"https:\/\/unicargo.com.br\/mkt\/contato\/","name":"Contato - Unicargo","isPartOf":{"@id":"https:\/\/unicargo.com.br\/mkt\/#website"},"primaryImageOfPage":{"@id":"https:\/\/unicargo.com.br\/mkt\/contato\/#primaryimage"},"image":{"@id":"https:\/\/unicargo.com.br\/mkt\/contato\/#primaryimage"},"thumbnailUrl":"https:\/\/unicargo.com.br\/mkt\/wp-content\/uploads\/2025\/03\/Prancheta-46.png","datePublished":"2026-03-09T12:27:30+00:00","dateModified":"2026-03-09T13:12:55+00:00","description":"A Unicargo estar\u00e1 na Intermodal 2025 preparamos um EBOOK EXCLUSIVO com dicas essenciais, ferramentas pr\u00e1ticas, mapa do evento, Informa\u00e7\u00f5es sobre acesso, estacionamento e muito mais.","breadcrumb":{"@id":"https:\/\/unicargo.com.br\/mkt\/contato\/#breadcrumb"},"inLanguage":"pt-BR","potentialAction":[{"@type":"ReadAction","target":["https:\/\/unicargo.com.br\/mkt\/contato\/"]}]},{"@type":"ImageObject","inLanguage":"pt-BR","@id":"https:\/\/unicargo.com.br\/mkt\/contato\/#primaryimage","url":"https:\/\/unicargo.com.br\/mkt\/wp-content\/uploads\/2025\/03\/Prancheta-46.png","contentUrl":"https:\/\/unicargo.com.br\/mkt\/wp-content\/uploads\/2025\/03\/Prancheta-46.png","width":747,"height":925},{"@type":"BreadcrumbList","@id":"https:\/\/unicargo.com.br\/mkt\/contato\/#breadcrumb","itemListElement":[{"@type":"ListItem","position":1,"name":"In\u00edcio","item":"https:\/\/unicargo.com.br\/mkt\/"},{"@type":"ListItem","position":2,"name":"Contato"}]},{"@type":"WebSite","@id":"https:\/\/unicargo.com.br\/mkt\/#website","url":"https:\/\/unicargo.com.br\/mkt\/","name":"Unicargo","description":"","potentialAction":[{"@type":"SearchAction","target":{"@type":"EntryPoint","urlTemplate":"https:\/\/unicargo.com.br\/mkt\/?s={search_term_string}"},"query-input":{"@type":"PropertyValueSpecification","valueRequired":true,"valueName":"search_term_string"}}],"inLanguage":"pt-BR"}]}},"_links":{"self":[{"href":"https:\/\/unicargo.com.br\/mkt\/wp-json\/wp\/v2\/pages\/3032","targetHints":{"allow":["GET"]}}],"collection":[{"href":"https:\/\/unicargo.com.br\/mkt\/wp-json\/wp\/v2\/pages"}],"about":[{"href":"https:\/\/unicargo.com.br\/mkt\/wp-json\/wp\/v2\/types\/page"}],"author":[{"embeddable":true,"href":"https:\/\/unicargo.com.br\/mkt\/wp-json\/wp\/v2\/users\/1"}],"replies":[{"embeddable":true,"href":"https:\/\/unicargo.com.br\/mkt\/wp-json\/wp\/v2\/comments?post=3032"}],"version-history":[{"count":22,"href":"https:\/\/unicargo.com.br\/mkt\/wp-json\/wp\/v2\/pages\/3032\/revisions"}],"predecessor-version":[{"id":3055,"href":"https:\/\/unicargo.com.br\/mkt\/wp-json\/wp\/v2\/pages\/3032\/revisions\/3055"}],"wp:featuredmedia":[{"embeddable":true,"href":"https:\/\/unicargo.com.br\/mkt\/wp-json\/wp\/v2\/media\/1208"}],"wp:attachment":[{"href":"https:\/\/unicargo.com.br\/mkt\/wp-json\/wp\/v2\/media?parent=3032"}],"curies":[{"name":"wp","href":"https:\/\/api.w.org\/{rel}","templated":true}]}}